{"id":7646,"date":"2019-12-22T00:09:56","date_gmt":"2019-12-22T00:09:56","guid":{"rendered":"https:\/\/excelsupplements.eu\/finde-uns\/"},"modified":"2019-12-22T02:13:10","modified_gmt":"2019-12-22T02:13:10","slug":"finde-uns","status":"publish","type":"page","link":"https:\/\/excelsupplements.eu\/de\/finde-uns\/","title":{"rendered":"Finde uns"},"content":{"rendered":"<p>[et_pb_section fb_built=&#8221;1&#8243; _builder_version=&#8221;4.0.2&#8243; background_image=&#8221;https:\/\/excelsupplements.eu\/wp-content\/uploads\/2019\/12\/2969961-1024&#215;683.jpg&#8221; hover_enabled=&#8221;0&#8243;][et_pb_row _builder_version=&#8221;4.0.2&#8243;][et_pb_column type=&#8221;4_4&#8243; _builder_version=&#8221;4.0.2&#8243;][et_pb_text _builder_version=&#8221;4.0.2&#8243; text_font=&#8221;|700|||||||&#8221; header_2_font=&#8221;Raleway||||||||&#8221; header_2_text_color=&#8221;#ffffff&#8221; header_2_font_size=&#8221;38px&#8221;]<\/p>\n<h2 style=\"text-align: center;\">FINDE UNS<\/h2>\n<p>[\/et_pb_text][\/et_pb_column][\/et_pb_row][\/et_pb_section][et_pb_section fb_built=&#8221;1&#8243; _builder_version=&#8221;4.0.2&#8243;][et_pb_row column_structure=&#8221;1_2,1_2&#8243; _builder_version=&#8221;4.0.2&#8243;][et_pb_column type=&#8221;1_2&#8243; _builder_version=&#8221;4.0.2&#8243;][et_pb_blurb title=&#8221;Reseller werden&#8221; image=&#8221;https:\/\/excelsupplements.eu\/wp-content\/uploads\/2019\/08\/map-marker_distributor-02.png&#8221; _builder_version=&#8221;4.0.2&#8243; link_option_url=&#8221;https:\/\/excelsupplements.eu\/become-our-reseller\/?lang=de&#8221; hover_enabled=&#8221;0&#8243;]M\u00f6chten Sie unsere Produkte weiterverkaufen? Dann z\u00f6gern Sie nicht, sich mit einem unserer H\u00e4ndler in Verbindung zu setzen, um weitere Informationen zu erhalten, oder kontaktieren Sie uns direkt \u00fcber <a href=\"\/?page_id=7636&#038;lang=de\">dieses Formular<\/a>.<br \/>\n[\/et_pb_blurb][\/et_pb_column][et_pb_column type=&#8221;1_2&#8243; _builder_version=&#8221;4.0.2&#8243;][et_pb_blurb title=&#8221;Unsere H\u00e4ndler&#8221; image=&#8221;https:\/\/excelsupplements.eu\/wp-content\/uploads\/2019\/08\/map-marker_big-03.png&#8221; _builder_version=&#8221;4.0.2&#8243; link_option_url=&#8221;https:\/\/excelsupplements.eu\/become-our-reseller\/?lang=de&#8221; hover_enabled=&#8221;0&#8243;]Unsere H\u00e4ndler k\u00f6nnen Ihren Bedarf decken. Z\u00f6gern Sie nicht, sie zu fragen oder kontaktieren Sie uns unter info@excelsupplements.eu<br \/>\n[\/et_pb_blurb][\/et_pb_column][\/et_pb_row][et_pb_row _builder_version=&#8221;4.0.2&#8243;][et_pb_column type=&#8221;4_4&#8243; _builder_version=&#8221;4.0.2&#8243;][et_pb_code _builder_version=&#8221;4.0.2&#8243;][map-multi-marker id=&#8221;1&#8243;][\/et_pb_code][\/et_pb_column][\/et_pb_row][\/et_pb_section]<\/p>\n","protected":false},"excerpt":{"rendered":"<p>FINDE UNSM\u00f6chten Sie unsere Produkte weiterverkaufen? Dann z\u00f6gern Sie nicht, sich mit einem unserer H\u00e4ndler in Verbindung zu setzen, um weitere Informationen zu erhalten, oder kontaktieren Sie uns direkt \u00fcber dieses Formular. Unsere H\u00e4ndler k\u00f6nnen Ihren Bedarf decken. Z\u00f6gern Sie nicht, sie zu fragen oder kontaktieren Sie uns unter info@excelsupplements.eu [map-multi-marker id=&#8221;1&#8243;]<\/p>\n","protected":false},"author":11,"featured_media":0,"parent":0,"menu_order":0,"comment_status":"closed","ping_status":"closed","template":"","meta":{"_et_pb_use_builder":"on","_et_pb_old_content":"","_et_gb_content_width":"","footnotes":""},"class_list":["post-7646","page","type-page","status-publish","hentry"],"_links":{"self":[{"href":"https:\/\/excelsupplements.eu\/de\/wp-json\/wp\/v2\/pages\/7646","targetHints":{"allow":["GET"]}}],"collection":[{"href":"https:\/\/excelsupplements.eu\/de\/wp-json\/wp\/v2\/pages"}],"about":[{"href":"https:\/\/excelsupplements.eu\/de\/wp-json\/wp\/v2\/types\/page"}],"author":[{"embeddable":true,"href":"https:\/\/excelsupplements.eu\/de\/wp-json\/wp\/v2\/users\/11"}],"replies":[{"embeddable":true,"href":"https:\/\/excelsupplements.eu\/de\/wp-json\/wp\/v2\/comments?post=7646"}],"version-history":[{"count":0,"href":"https:\/\/excelsupplements.eu\/de\/wp-json\/wp\/v2\/pages\/7646\/revisions"}],"wp:attachment":[{"href":"https:\/\/excelsupplements.eu\/de\/wp-json\/wp\/v2\/media?parent=7646"}],"curies":[{"name":"wp","href":"https:\/\/api.w.org\/{rel}","templated":true}]}}