{"id":14258,"date":"2021-04-20T09:10:35","date_gmt":"2021-04-20T09:10:35","guid":{"rendered":"https:\/\/excelsupplements.eu\/?post_type=product&#038;p=14258"},"modified":"2025-10-02T17:22:39","modified_gmt":"2025-10-02T15:22:39","slug":"excel-eq-subscription","status":"publish","type":"product","link":"https:\/\/excelsupplements.eu\/de\/product\/excel-eq-subscription\/","title":{"rendered":"Excel EQ - Abonnement"},"content":{"rendered":"<p><b>Excel EQ <\/b>enth\u00e4lt die optimale Kombination von Schl\u00fcsseln\u00e4hrstoffen aus kaltgepressten Pflanzen\u00f6len, die eine einzigartige\u00a0<b>Omega 3, 6 und 9\u00a0<\/b>Fetts\u00e4urehaushalt, sowie\u00a0<b>Vitamin<\/b>\u00a0<b>E\u00a0<\/b>und\u00a0<b>Camelina-Polyphenole<\/b>ein starkes <strong>Antioxidans<\/strong>.<\/p>\n<p>&nbsp;<\/p>","protected":false},"excerpt":{"rendered":"<p><b>F\u00dcR DIE ALLGEMEINE GESUNDHEIT<\/b><\/p>\n<hr \/>\n<p><b>Excel EQ <\/b>wurde entwickelt, um die allgemeine Gesundheit des Pferdes zu unterst\u00fctzen. Die in gro\u00dfen Mengen enthaltenen Omega-3- und Omega-6-Fetts\u00e4uren haben mehrere positive Funktionen im K\u00f6rper.<\/p>\n<p><u>F\u00fctterungshinweise<\/u><\/p>\n<ul>\n<li>Alle Pferde: 60ml pro Tag<\/li>\n<li>Ponys und Fohlen: 30 ml pro Tag<\/li>\n<\/ul>\n<p><b>Excel EQ<\/b> ist ohne Dopingmittel formuliert, nur mit kontrollierten nat\u00fcrlichen Inhaltsstoffen.<\/p>","protected":false},"featured_media":8500,"comment_status":"open","ping_status":"closed","template":"","meta":{"_et_pb_use_builder":"","_et_pb_old_content":"","_et_gb_content_width":""},"product_brand":[],"product_cat":[238],"product_tag":[],"class_list":{"0":"post-14258","1":"product","2":"type-product","3":"status-publish","4":"has-post-thumbnail","6":"product_cat-subscription-supplement","8":"first","9":"instock","10":"sale","11":"taxable","12":"shipping-taxable","13":"purchasable","14":"product-type-variable-subscription"},"_links":{"self":[{"href":"https:\/\/excelsupplements.eu\/de\/wp-json\/wp\/v2\/product\/14258","targetHints":{"allow":["GET"]}}],"collection":[{"href":"https:\/\/excelsupplements.eu\/de\/wp-json\/wp\/v2\/product"}],"about":[{"href":"https:\/\/excelsupplements.eu\/de\/wp-json\/wp\/v2\/types\/product"}],"replies":[{"embeddable":true,"href":"https:\/\/excelsupplements.eu\/de\/wp-json\/wp\/v2\/comments?post=14258"}],"wp:featuredmedia":[{"embeddable":true,"href":"https:\/\/excelsupplements.eu\/de\/wp-json\/wp\/v2\/media\/8500"}],"wp:attachment":[{"href":"https:\/\/excelsupplements.eu\/de\/wp-json\/wp\/v2\/media?parent=14258"}],"wp:term":[{"taxonomy":"product_brand","embeddable":true,"href":"https:\/\/excelsupplements.eu\/de\/wp-json\/wp\/v2\/product_brand?post=14258"},{"taxonomy":"product_cat","embeddable":true,"href":"https:\/\/excelsupplements.eu\/de\/wp-json\/wp\/v2\/product_cat?post=14258"},{"taxonomy":"product_tag","embeddable":true,"href":"https:\/\/excelsupplements.eu\/de\/wp-json\/wp\/v2\/product_tag?post=14258"}],"curies":[{"name":"wp","href":"https:\/\/api.w.org\/{rel}","templated":true}]}}