{"id":14501,"date":"2021-04-28T15:08:37","date_gmt":"2021-04-28T15:08:37","guid":{"rendered":"https:\/\/excelsupplements.eu\/?post_type=product&#038;p=14501"},"modified":"2025-10-02T17:18:34","modified_gmt":"2025-10-02T15:18:34","slug":"excel-vitaflav-subscription","status":"publish","type":"product","link":"https:\/\/excelsupplements.eu\/de\/product\/excel-vitaflav-subscription\/","title":{"rendered":"EXCEL VitaFlav &#8211; Subscription"},"content":{"rendered":"<p><b>Excel <\/b><b>VitaFlav<\/b> enth\u00e4lt eine einzigartige Formel mit Bioflavonoiden aus Zitrusfr\u00fcchten (einschlie\u00dflich Hesperidin) in Kombination mit Vitamin C, das zur Erhaltung der Gesundheit der Atemwege beitr\u00e4gt.<\/p>","protected":false},"excerpt":{"rendered":"<p><strong>F\u00dcR DAS ATMUNGSSYSTEM<\/strong><\/p>\n<hr \/>\n<p><b>Excel <\/b><b>VitaFlav<\/b> wurde entwickelt, um die Gesundheit der Lunge und des Kreislaufs des Pferdes zu unterst\u00fctzen, die beim Training stark beansprucht werden k\u00f6nnen.<\/p>\n<p><u>F\u00fctterungshinweise<\/u><\/p>\n<ul>\n<li>Dosierung: 60 g pro Tag (2 Messl\u00f6ffel)<\/li>\n<li>Erhaltung: 30 g pro Tag (1 Messl\u00f6ffel)<\/li>\n<\/ul>\n<p><b>Excel <\/b><b>VitaFlav<\/b> ist ohne Dopingmittel formuliert, nur mit kontrollierten nat\u00fcrlichen Inhaltsstoffen.<\/p>","protected":false},"featured_media":8528,"comment_status":"open","ping_status":"closed","template":"","meta":{"_et_pb_use_builder":"","_et_pb_old_content":"","_et_gb_content_width":""},"product_brand":[],"product_cat":[238],"product_tag":[],"class_list":{"0":"post-14501","1":"product","2":"type-product","3":"status-publish","4":"has-post-thumbnail","6":"product_cat-subscription-supplement","8":"first","9":"instock","10":"sale","11":"taxable","12":"shipping-taxable","13":"purchasable","14":"product-type-variable-subscription","15":"has-default-attributes"},"_links":{"self":[{"href":"https:\/\/excelsupplements.eu\/de\/wp-json\/wp\/v2\/product\/14501","targetHints":{"allow":["GET"]}}],"collection":[{"href":"https:\/\/excelsupplements.eu\/de\/wp-json\/wp\/v2\/product"}],"about":[{"href":"https:\/\/excelsupplements.eu\/de\/wp-json\/wp\/v2\/types\/product"}],"replies":[{"embeddable":true,"href":"https:\/\/excelsupplements.eu\/de\/wp-json\/wp\/v2\/comments?post=14501"}],"wp:featuredmedia":[{"embeddable":true,"href":"https:\/\/excelsupplements.eu\/de\/wp-json\/wp\/v2\/media\/8528"}],"wp:attachment":[{"href":"https:\/\/excelsupplements.eu\/de\/wp-json\/wp\/v2\/media?parent=14501"}],"wp:term":[{"taxonomy":"product_brand","embeddable":true,"href":"https:\/\/excelsupplements.eu\/de\/wp-json\/wp\/v2\/product_brand?post=14501"},{"taxonomy":"product_cat","embeddable":true,"href":"https:\/\/excelsupplements.eu\/de\/wp-json\/wp\/v2\/product_cat?post=14501"},{"taxonomy":"product_tag","embeddable":true,"href":"https:\/\/excelsupplements.eu\/de\/wp-json\/wp\/v2\/product_tag?post=14501"}],"curies":[{"name":"wp","href":"https:\/\/api.w.org\/{rel}","templated":true}]}}