{"id":14522,"date":"2021-04-28T15:16:16","date_gmt":"2021-04-28T15:16:16","guid":{"rendered":"https:\/\/excelsupplements.eu\/?post_type=product&#038;p=14522"},"modified":"2025-10-10T19:09:22","modified_gmt":"2025-10-10T17:09:22","slug":"excel-hufpflege-abonnement-2","status":"publish","type":"product","link":"https:\/\/excelsupplements.eu\/de\/product\/excel-hoof-support-subscription-2\/","title":{"rendered":"EXCEL Hoof Support - Abonnement"},"content":{"rendered":"<p><b>Excel-Huf<\/b>\u00a0<b>Unterst\u00fctzung<\/b>\u00a0enth\u00e4lt die optimale Kombination aus Leindotter\u00f6l, das den Huf mit Feuchtigkeit versorgt, und Bienenwachs, das den Huf sch\u00fctzt und als antibakterielle Barriere wirkt.  Auf diese Weise ist es die ideale Hufl\u00f6sung sowohl f\u00fcr den Sommer als auch f\u00fcr den Winter.<\/p>","protected":false},"excerpt":{"rendered":"<p><strong>F\u00dcR HOOVES<\/strong><\/p>\n<hr \/>\n<p><b>Excel-Hufst\u00fctze <\/b>wurde entwickelt, um die Elastizit\u00e4t der Pferdehufe zu unterst\u00fctzen und zu erhalten und so Risse und Huftrockenheit zu verhindern. <b>Excel-Hufst\u00fctze<\/b> schafft auch einen perfekten Wandglanz.<\/p>\n<p><u>Anweisungen<\/u><\/p>\n<p>3 bis 4 Tage pro Woche mit der B\u00fcrste auf die Hufwand und den Kronrand des Pferdes auftragen.<\/p>\n<p>Es wird empfohlen, sie nach dem Training anzuwenden.<\/p>\n<p>Reinigen Sie die Hufoberfl\u00e4che vor dem Auftragen gut.<\/p>\n<p>&nbsp;<\/p>\n<p><b>Excel-Hufst\u00fctze <\/b>ist ein aktuelles Hufpflegeprodukt.<\/p>","protected":false},"featured_media":8797,"comment_status":"open","ping_status":"closed","template":"","meta":{"_et_pb_use_builder":"","_et_pb_old_content":"","_et_gb_content_width":""},"product_brand":[],"product_cat":[60],"product_tag":[],"class_list":{"0":"post-14522","1":"product","2":"type-product","3":"status-publish","4":"has-post-thumbnail","6":"product_cat-uncategorized","8":"first","9":"instock","10":"sale","11":"taxable","12":"shipping-taxable","13":"purchasable","14":"product-type-variable-subscription","15":"has-default-attributes"},"_links":{"self":[{"href":"https:\/\/excelsupplements.eu\/de\/wp-json\/wp\/v2\/product\/14522","targetHints":{"allow":["GET"]}}],"collection":[{"href":"https:\/\/excelsupplements.eu\/de\/wp-json\/wp\/v2\/product"}],"about":[{"href":"https:\/\/excelsupplements.eu\/de\/wp-json\/wp\/v2\/types\/product"}],"replies":[{"embeddable":true,"href":"https:\/\/excelsupplements.eu\/de\/wp-json\/wp\/v2\/comments?post=14522"}],"wp:featuredmedia":[{"embeddable":true,"href":"https:\/\/excelsupplements.eu\/de\/wp-json\/wp\/v2\/media\/8797"}],"wp:attachment":[{"href":"https:\/\/excelsupplements.eu\/de\/wp-json\/wp\/v2\/media?parent=14522"}],"wp:term":[{"taxonomy":"product_brand","embeddable":true,"href":"https:\/\/excelsupplements.eu\/de\/wp-json\/wp\/v2\/product_brand?post=14522"},{"taxonomy":"product_cat","embeddable":true,"href":"https:\/\/excelsupplements.eu\/de\/wp-json\/wp\/v2\/product_cat?post=14522"},{"taxonomy":"product_tag","embeddable":true,"href":"https:\/\/excelsupplements.eu\/de\/wp-json\/wp\/v2\/product_tag?post=14522"}],"curies":[{"name":"wp","href":"https:\/\/api.w.org\/{rel}","templated":true}]}}