{"id":5282,"date":"2019-02-21T22:08:46","date_gmt":"2019-02-21T22:08:46","guid":{"rendered":"https:\/\/excelsupplements.eu\/?post_type=product&#038;p=5282"},"modified":"2025-11-02T18:58:43","modified_gmt":"2025-11-02T17:58:43","slug":"excel-leistung","status":"publish","type":"product","link":"https:\/\/excelsupplements.eu\/de\/product\/excel-performance\/","title":{"rendered":"Excel ProElite"},"content":{"rendered":"<p><b>Excel <\/b><b>ProElite<\/b> enth\u00e4lt die optimale Kombination von Schl\u00fcsseln\u00e4hrstoffen aus kaltgepressten Pflanzen\u00f6len, die ein einzigartiges Gleichgewicht von Omega-3-, -6- und -9-Fetts\u00e4uren und Vitamin E gew\u00e4hrleisten.<\/p>","protected":false},"excerpt":{"rendered":"<p><b>F\u00dcR LEISTUNG<\/b><\/p>\n<hr \/>\n<p><b>Excel <\/b><b>ProElite<\/b> wurde entwickelt, um die Leistung von Pferden zu f\u00f6rdern. Die Omega-3- und Oliventriterpene, die in gro\u00dfer Menge vorhanden sind, helfen, die Leistung des Pferdes zu steigern.<\/p>\n<p><u>F\u00fctterungshinweise<\/u><\/p>\n<ul>\n<li>Alle Pferde: 60ml pro Tag<\/li>\n<li>Ponys und Fohlen: 30 ml pro Tag<\/li>\n<\/ul>\n<p>&nbsp;<\/p>\n<p><b>Excel <\/b><b>ProElite<\/b> ist ohne Dopingmittel formuliert, nur mit kontrollierten nat\u00fcrlichen Inhaltsstoffen.<\/p>","protected":false},"featured_media":8504,"comment_status":"open","ping_status":"closed","template":"","meta":{"_et_pb_use_builder":"","_et_pb_old_content":"","_et_gb_content_width":""},"product_brand":[],"product_cat":[75],"product_tag":[],"class_list":{"0":"post-5282","1":"product","2":"type-product","3":"status-publish","4":"has-post-thumbnail","6":"product_cat-supplement","8":"first","9":"instock","10":"taxable","11":"shipping-taxable","12":"purchasable","13":"product-type-variable"},"_links":{"self":[{"href":"https:\/\/excelsupplements.eu\/de\/wp-json\/wp\/v2\/product\/5282","targetHints":{"allow":["GET"]}}],"collection":[{"href":"https:\/\/excelsupplements.eu\/de\/wp-json\/wp\/v2\/product"}],"about":[{"href":"https:\/\/excelsupplements.eu\/de\/wp-json\/wp\/v2\/types\/product"}],"replies":[{"embeddable":true,"href":"https:\/\/excelsupplements.eu\/de\/wp-json\/wp\/v2\/comments?post=5282"}],"wp:featuredmedia":[{"embeddable":true,"href":"https:\/\/excelsupplements.eu\/de\/wp-json\/wp\/v2\/media\/8504"}],"wp:attachment":[{"href":"https:\/\/excelsupplements.eu\/de\/wp-json\/wp\/v2\/media?parent=5282"}],"wp:term":[{"taxonomy":"product_brand","embeddable":true,"href":"https:\/\/excelsupplements.eu\/de\/wp-json\/wp\/v2\/product_brand?post=5282"},{"taxonomy":"product_cat","embeddable":true,"href":"https:\/\/excelsupplements.eu\/de\/wp-json\/wp\/v2\/product_cat?post=5282"},{"taxonomy":"product_tag","embeddable":true,"href":"https:\/\/excelsupplements.eu\/de\/wp-json\/wp\/v2\/product_tag?post=5282"}],"curies":[{"name":"wp","href":"https:\/\/api.w.org\/{rel}","templated":true}]}}