{"id":18129,"date":"2022-04-26T10:38:03","date_gmt":"2022-04-26T10:38:03","guid":{"rendered":"https:\/\/excelsupplements.eu\/?page_id=18129"},"modified":"2022-05-04T09:45:24","modified_gmt":"2022-05-04T09:45:24","slug":"club-de-suplementos-excel","status":"publish","type":"page","link":"https:\/\/excelsupplements.eu\/es\/excel-supplements-club\/","title":{"rendered":"Excel Supplements Club"},"content":{"rendered":"<p>[et_pb_section fb_built=&#8221;1&#8243; _builder_version=&#8221;4.17.2&#8243; _module_preset=&#8221;default&#8221; custom_padding=&#8221;||0px|||&#8221; global_colors_info=&#8221;{}&#8221;][et_pb_row module_class=&#8221;link-es&#8221; _builder_version=&#8221;4.17.2&#8243; _module_preset=&#8221;default&#8221; custom_padding=&#8221;0px|||||&#8221; global_colors_info=&#8221;{}&#8221;][et_pb_column type=&#8221;4_4&#8243; _builder_version=&#8221;4.17.2&#8243; _module_preset=&#8221;default&#8221; global_colors_info=&#8221;{}&#8221;][et_pb_text _builder_version=&#8221;4.17.2&#8243; _module_preset=&#8221;default&#8221; animation_style=&#8221;zoom&#8221; global_colors_info=&#8221;{}&#8221;]<\/p>\n<h2 style=\"text-align: center;\"><strong>DESCUBRE EXCEL CLUB<\/strong><\/h2>\n<p><strong>\u00bfQuieres que te cuente un secreto?<\/strong><\/p>\n<p>Hemos formado una gran familia,<\/p>\n<p>Excel Club, un programa de fidelizaci\u00f3n pensado para aportar el mayor bienestar a tu caballo de la mejor manera posible con nuestros ingredientes m\u00e1s naturales. Una experiencia llena de ventajas, descuentos exclusivos y contenido personalizado para que puedas disfrutar de tu caballo al m\u00e1ximo cada d\u00eda \u00bfQu\u00e9 hay mejor que eso? En nuestro club encontraras diferentes beneficios asociados a tu nivel de consumo. \u00bfQuieres conocer nuestros niveles?<\/p>\n<p>[\/et_pb_text][et_pb_image src=&#8221;https:\/\/excelsupplements.eu\/wp-content\/uploads\/2022\/05\/Niveles-Excel-Club-ES.jpg&#8221; title_text=&#8221;Niveles Excel Club &#8211; ES&#8221; show_in_lightbox=&#8221;on&#8221; _builder_version=&#8221;4.17.2&#8243; _module_preset=&#8221;default&#8221; animation_style=&#8221;slide&#8221; animation_direction=&#8221;right&#8221; hover_enabled=&#8221;0&#8243; global_colors_info=&#8221;{}&#8221; sticky_enabled=&#8221;0&#8243;][\/et_pb_image][\/et_pb_column][\/et_pb_row][et_pb_row module_class=&#8221;link-en&#8221; _builder_version=&#8221;4.17.2&#8243; _module_preset=&#8221;default&#8221; custom_padding=&#8221;0px|||||&#8221; global_colors_info=&#8221;{}&#8221;][et_pb_column type=&#8221;4_4&#8243; _builder_version=&#8221;4.17.2&#8243; _module_preset=&#8221;default&#8221; global_colors_info=&#8221;{}&#8221;][et_pb_text _builder_version=&#8221;4.17.2&#8243; _module_preset=&#8221;default&#8221; animation_style=&#8221;zoom&#8221; global_colors_info=&#8221;{}&#8221;]<\/p>\n<h2 style=\"text-align: center;\"><strong>DISCOVER EXCEL CLUB<\/strong><\/h2>\n<p style=\"text-align: left;\"><strong>Do you want to know a secret?<\/strong><\/p>\n<p style=\"text-align: left;\">We have become one big family.<\/p>\n<p style=\"text-align: left;\">Excel Club, a loyalty programme designed to improve your horse&#8217;s well-being in the best possible way, with our finest natural ingredients. An experience full of advantages, exclusive discounts and custom content to fully enjoy your horse every day. Is there anything better than that? In our club, you can enjoy different benefits depending on your spending level. Would you like to know more about our levels?<\/p>\n<p>[\/et_pb_text][et_pb_image src=&#8221;https:\/\/excelsupplements.eu\/wp-content\/uploads\/2022\/05\/Niveles-Excel-Club-EN.jpg&#8221; title_text=&#8221;Niveles Excel Club &#8211; EN&#8221; show_in_lightbox=&#8221;on&#8221; _builder_version=&#8221;4.17.2&#8243; _module_preset=&#8221;default&#8221; animation_style=&#8221;slide&#8221; animation_direction=&#8221;right&#8221; hover_enabled=&#8221;0&#8243; global_colors_info=&#8221;{}&#8221; sticky_enabled=&#8221;0&#8243;][\/et_pb_image][\/et_pb_column][\/et_pb_row][et_pb_row module_class=&#8221;link-fr&#8221; _builder_version=&#8221;4.17.2&#8243; _module_preset=&#8221;default&#8221; custom_padding=&#8221;0px|||||&#8221; global_colors_info=&#8221;{}&#8221;][et_pb_column type=&#8221;4_4&#8243; _builder_version=&#8221;4.17.2&#8243; _module_preset=&#8221;default&#8221; global_colors_info=&#8221;{}&#8221;][et_pb_text _builder_version=&#8221;4.17.2&#8243; _module_preset=&#8221;default&#8221; animation_style=&#8221;zoom&#8221; global_colors_info=&#8221;{}&#8221;]<\/p>\n<h2 style=\"text-align: center;\"><strong>D\u00c9COUVREZ EXCEL CLUB<\/strong><\/h2>\n<p><strong>Vous voulez que je vous dise un secret\u202f?<\/strong><\/p>\n<p>Nous avons form\u00e9 une grande famille,<\/p>\n<p>Excel Club, un programme de fid\u00e9lit\u00e9 con\u00e7u pour apporter le meilleur bien-\u00eatre possible \u00e0 votre cheval de la meilleure fa\u00e7on possible avec nos ingr\u00e9dients les plus naturels. Une exp\u00e9rience pleine de b\u00e9n\u00e9fices, de r\u00e9ductions exclusives et de contenu personnalis\u00e9 pour que vous puissiez profiter au maximum de votre cheval au quotidien. Qu&#8217;est-ce qui est mieux que cela\u202f? Dans notre club, vous trouverez diff\u00e9rents b\u00e9n\u00e9fices associ\u00e9s \u00e0 votre niveau de consommation. Vous voulez conna\u00eetre nos niveaux\u202f?<\/p>\n<p>[\/et_pb_text][et_pb_image src=&#8221;https:\/\/excelsupplements.eu\/wp-content\/uploads\/2022\/05\/Niveles-Excel-Club-FR.jpg&#8221; title_text=&#8221;Niveles Excel Club &#8211; FR&#8221; show_in_lightbox=&#8221;on&#8221; _builder_version=&#8221;4.17.2&#8243; _module_preset=&#8221;default&#8221; animation_style=&#8221;slide&#8221; animation_direction=&#8221;right&#8221; hover_enabled=&#8221;0&#8243; global_colors_info=&#8221;{}&#8221; sticky_enabled=&#8221;0&#8243;][\/et_pb_image][\/et_pb_column][\/et_pb_row][et_pb_row module_class=&#8221;link-de&#8221; _builder_version=&#8221;4.17.2&#8243; _module_preset=&#8221;default&#8221; custom_padding=&#8221;0px|||||&#8221; global_colors_info=&#8221;{}&#8221;][et_pb_column type=&#8221;4_4&#8243; _builder_version=&#8221;4.17.2&#8243; _module_preset=&#8221;default&#8221; global_colors_info=&#8221;{}&#8221;][et_pb_text _builder_version=&#8221;4.17.2&#8243; _module_preset=&#8221;default&#8221; animation_style=&#8221;zoom&#8221; global_colors_info=&#8221;{}&#8221;]<\/p>\n<h2 style=\"text-align: center;\"><strong>ENTDECKEN SIE DEN EXCEL CLUB<\/strong><\/h2>\n<p><strong>Soll ich Ihnen ein Geheimnis verraten?<\/strong><\/p>\n<p>Wir haben eine gro\u00dfe Familie gebildet:<\/p>\n<p>den Excel Club \u2013 ein Treueprogramm, das darauf abzielt, Ihrem Pferd auf die beste Art und Weise mit unseren nat\u00fcrlichsten Zutaten das gr\u00f6\u00dfte Wohlbefinden zu verschaffen. Ein Erlebnis voller Vorteile, exklusiver Rabatte und personalisierter Inhalte, damit Sie Ihr Pferd jeden Tag in vollen Z\u00fcgen genie\u00dfen k\u00f6nnen \u2013 was gibt es Besseres? In unserem Club finden Sie verschiedene Vorteile, die mit Ihren Eink\u00e4ufen verbunden sind. M\u00f6chten Sie mehr \u00fcber unsere Ebenen erfahren?<\/p>\n<p>[\/et_pb_text][et_pb_image src=&#8221;https:\/\/excelsupplements.eu\/wp-content\/uploads\/2022\/05\/Niveles-Excel-Club-DE.jpg&#8221; title_text=&#8221;Niveles Excel Club &#8211; DE&#8221; show_in_lightbox=&#8221;on&#8221; _builder_version=&#8221;4.17.2&#8243; _module_preset=&#8221;default&#8221; animation_style=&#8221;slide&#8221; animation_direction=&#8221;right&#8221; hover_enabled=&#8221;0&#8243; global_colors_info=&#8221;{}&#8221; sticky_enabled=&#8221;0&#8243;][\/et_pb_image][\/et_pb_column][\/et_pb_row][\/et_pb_section][et_pb_section fb_built=&#8221;1&#8243; admin_label=&#8221;SUBSCRIBE&#8221; _builder_version=&#8221;4.17.2&#8243; _module_preset=&#8221;default&#8221; custom_margin=&#8221;0px||||false|false&#8221; custom_padding=&#8221;0px||||false|false&#8221; collapsed=&#8221;off&#8221; global_colors_info=&#8221;{}&#8221;][et_pb_row column_structure=&#8221;1_2,1_2&#8243; module_class=&#8221;link-es&#8221; _builder_version=&#8221;4.16&#8243; _module_preset=&#8221;default&#8221; background_color=&#8221;rgba(0,0,0,0.33)&#8221; background_image=&#8221;https:\/\/excelsupplements.eu\/wp-content\/uploads\/2022\/04\/Recompensas-Excel.jpg&#8221; background_position=&#8221;center_right&#8221; background_blend=&#8221;darken&#8221; custom_padding=&#8221;|20px||20px|false|false&#8221; background_last_edited=&#8221;on|phone&#8221; background_image_tablet=&#8221;https:\/\/excelsupplements.eu\/wp-content\/uploads\/2022\/04\/Recompensas-Excel-mobile.jpg&#8221; background_enable_image_tablet=&#8221;on&#8221; global_colors_info=&#8221;{}&#8221;][et_pb_column type=&#8221;1_2&#8243; _builder_version=&#8221;4.16&#8243; _module_preset=&#8221;default&#8221; global_colors_info=&#8221;{}&#8221;][et_pb_text _builder_version=&#8221;4.17.2&#8243; _module_preset=&#8221;default&#8221; text_font=&#8221;|600|||||||&#8221; text_text_color=&#8221;#FFFFFF&#8221; text_font_size=&#8221;18px&#8221; text_orientation=&#8221;center&#8221; global_colors_info=&#8221;{}&#8221;]<\/p>\n<h2 style=\"text-align: left;\">\u00bfTe atreves a empezar a galopar con nosotros? Te estamos esperando.<\/h2>\n<p style=\"text-align: left;\">\n<ul style=\"text-align: left;\">\n<li style=\"text-align: left;\"><strong>Paso<\/strong>, primer nivel al que llegaras con tu primera comprar.<\/li>\n<li style=\"text-align: left;\"><strong>Trote<\/strong>, pasaras al siguiente nivel de nuestro club una vez tengas acumulados 1.500\u20ac<\/li>\n<li style=\"text-align: left;\"><strong>Galope<\/strong>, nuestro nivel mas top, al que llegaras cuando acumules 3.000\u20ac en compras.<\/li>\n<\/ul>\n<p style=\"text-align: left;\">Bienvenido a nuestra gran familia.<\/p>\n<p>[\/et_pb_text][\/et_pb_column][et_pb_column type=&#8221;1_2&#8243; _builder_version=&#8221;4.16&#8243; _module_preset=&#8221;default&#8221; global_colors_info=&#8221;{}&#8221;][et_pb_code _builder_version=&#8221;4.17.2&#8243; _module_preset=&#8221;default&#8221; global_colors_info=&#8221;{}&#8221;]<div class='_form_1'><\/div><script type='text\/javascript' src='https:\/\/excelsupplements.activehosted.com\/f\/embed.php?static=0&id=1&69E392FDA3CCE&nostyles=0&preview=0'><\/script>[\/et_pb_code][\/et_pb_column][\/et_pb_row][et_pb_row column_structure=&#8221;1_2,1_2&#8243; module_class=&#8221;link-en&#8221; _builder_version=&#8221;4.16&#8243; _module_preset=&#8221;default&#8221; background_color=&#8221;rgba(0,0,0,0.33)&#8221; background_image=&#8221;https:\/\/excelsupplements.eu\/wp-content\/uploads\/2022\/04\/Recompensas-Excel.jpg&#8221; background_position=&#8221;center_right&#8221; background_blend=&#8221;darken&#8221; custom_padding=&#8221;|20px||20px|false|false&#8221; background_last_edited=&#8221;on|phone&#8221; background_image_tablet=&#8221;https:\/\/excelsupplements.eu\/wp-content\/uploads\/2022\/04\/Recompensas-Excel-mobile.jpg&#8221; background_enable_image_tablet=&#8221;on&#8221; global_colors_info=&#8221;{}&#8221;][et_pb_column type=&#8221;1_2&#8243; _builder_version=&#8221;4.16&#8243; _module_preset=&#8221;default&#8221; global_colors_info=&#8221;{}&#8221;][et_pb_text _builder_version=&#8221;4.17.2&#8243; _module_preset=&#8221;default&#8221; text_font=&#8221;|600|||||||&#8221; text_text_color=&#8221;#FFFFFF&#8221; text_font_size=&#8221;18px&#8221; text_orientation=&#8221;center&#8221; global_colors_info=&#8221;{}&#8221;]<\/p>\n<h2 style=\"text-align: left;\">Are you ready? Start cantering with us! We are waiting for you.<\/h2>\n<p style=\"text-align: left;\">\n<ul style=\"text-align: left;\">\n<li><strong>Walk<\/strong>, first level which is reached with your first purchase.<\/li>\n<li><strong>Trot<\/strong>, you will move up to the next level of our club once you have accumulated \u20ac1,500<\/li>\n<li><strong>Canter<\/strong>, our top level, which you will reach once you have accumulated \u20ac3,000 in purchases.<\/li>\n<\/ul>\n<p style=\"text-align: left;\">Welcome to our big family.<\/p>\n<p>[\/et_pb_text][\/et_pb_column][et_pb_column type=&#8221;1_2&#8243; _builder_version=&#8221;4.16&#8243; _module_preset=&#8221;default&#8221; global_colors_info=&#8221;{}&#8221;][et_pb_code _builder_version=&#8221;4.17.2&#8243; _module_preset=&#8221;default&#8221; global_colors_info=&#8221;{}&#8221;]<div class='_form_3'><\/div><script type='text\/javascript' src='https:\/\/excelsupplements.activehosted.com\/f\/embed.php?static=0&id=3&69E392FDA3D06&nostyles=0&preview=0'><\/script>[\/et_pb_code][\/et_pb_column][\/et_pb_row][et_pb_row column_structure=&#8221;1_2,1_2&#8243; module_class=&#8221;link-fr&#8221; _builder_version=&#8221;4.16&#8243; _module_preset=&#8221;default&#8221; background_color=&#8221;rgba(0,0,0,0.33)&#8221; background_image=&#8221;https:\/\/excelsupplements.eu\/wp-content\/uploads\/2022\/04\/Recompensas-Excel.jpg&#8221; background_position=&#8221;center_right&#8221; background_blend=&#8221;darken&#8221; custom_padding=&#8221;|20px||20px|false|false&#8221; background_last_edited=&#8221;on|phone&#8221; background_image_tablet=&#8221;https:\/\/excelsupplements.eu\/wp-content\/uploads\/2022\/04\/Recompensas-Excel-mobile.jpg&#8221; background_enable_image_tablet=&#8221;on&#8221; global_colors_info=&#8221;{}&#8221;][et_pb_column type=&#8221;1_2&#8243; _builder_version=&#8221;4.16&#8243; _module_preset=&#8221;default&#8221; global_colors_info=&#8221;{}&#8221;][et_pb_text _builder_version=&#8221;4.17.2&#8243; _module_preset=&#8221;default&#8221; text_font=&#8221;|600|||||||&#8221; text_text_color=&#8221;#FFFFFF&#8221; text_font_size=&#8221;18px&#8221; text_orientation=&#8221;center&#8221; global_colors_info=&#8221;{}&#8221;]<\/p>\n<h2 style=\"text-align: left;\">Osez-vous commencer \u00e0 galoper avec nous\u202f? Nous vous attendons.<\/h2>\n<p style=\"text-align: left;\">\n<ul style=\"text-align: left;\">\n<li><strong>Pas, <\/strong>premier niveau que vous atteindrez avec votre premier achat.<\/li>\n<li><strong>Trot, <\/strong>vous passerez au niveau suivant de notre club lorsque vous aurez accumul\u00e9 1 500 \u20ac<\/li>\n<li><strong>Galop, <\/strong>notre niveau top, que vous atteindrez lorsque vous accumulerez 3 000 \u20ac d&#8217;achats.<\/li>\n<\/ul>\n<p style=\"text-align: left;\">Bienvenue dans notre grande famille.<\/p>\n<p>[\/et_pb_text][\/et_pb_column][et_pb_column type=&#8221;1_2&#8243; _builder_version=&#8221;4.16&#8243; _module_preset=&#8221;default&#8221; global_colors_info=&#8221;{}&#8221;][et_pb_code _builder_version=&#8221;4.17.2&#8243; _module_preset=&#8221;default&#8221; global_colors_info=&#8221;{}&#8221;]<div class='_form_5'><\/div><script type='text\/javascript' src='https:\/\/excelsupplements.activehosted.com\/f\/embed.php?static=0&id=5&69E392FDA3D26&nostyles=0&preview=0'><\/script>[\/et_pb_code][\/et_pb_column][\/et_pb_row][et_pb_row column_structure=&#8221;1_2,1_2&#8243; module_class=&#8221;link-de&#8221; _builder_version=&#8221;4.16&#8243; _module_preset=&#8221;default&#8221; background_color=&#8221;rgba(0,0,0,0.33)&#8221; background_image=&#8221;https:\/\/excelsupplements.eu\/wp-content\/uploads\/2022\/04\/Recompensas-Excel.jpg&#8221; background_position=&#8221;center_right&#8221; background_blend=&#8221;darken&#8221; custom_padding=&#8221;|20px||20px|false|false&#8221; background_last_edited=&#8221;on|phone&#8221; background_image_tablet=&#8221;https:\/\/excelsupplements.eu\/wp-content\/uploads\/2022\/04\/Recompensas-Excel-mobile.jpg&#8221; background_enable_image_tablet=&#8221;on&#8221; global_colors_info=&#8221;{}&#8221;][et_pb_column type=&#8221;1_2&#8243; _builder_version=&#8221;4.16&#8243; _module_preset=&#8221;default&#8221; global_colors_info=&#8221;{}&#8221;][et_pb_text _builder_version=&#8221;4.17.2&#8243; _module_preset=&#8221;default&#8221; text_font=&#8221;|600|||||||&#8221; text_text_color=&#8221;#FFFFFF&#8221; text_font_size=&#8221;18px&#8221; text_orientation=&#8221;center&#8221; global_colors_info=&#8221;{}&#8221;]<\/p>\n<h2 style=\"text-align: left;\">Trauen Sie sich, mit uns zu galoppieren? Wir erwarten Sie.<\/h2>\n<p style=\"text-align: left;\">\n<ul style=\"text-align: left;\">\n<li><strong>Schritt<\/strong>, die erste Ebene, die Sie mit Ihrem ersten Kauf erreichen.<\/li>\n<li><strong>Trab<\/strong> ist die n\u00e4chste Ebene unseres Clubs. Diese Ebene erreichen Sie, sobald Sie 1.500 \u20ac an Eink\u00e4ufen get\u00e4tigt haben.<\/li>\n<li><strong>Galopp<\/strong>, unsere h\u00f6chste Ebene, erreichen Sie, wenn Sie 3.000 \u20ac an Eink\u00e4ufen get\u00e4tigt haben.<\/li>\n<\/ul>\n<p style=\"text-align: left;\">Willkommen in unserer gro\u00dfen Familie.<\/p>\n<p>[\/et_pb_text][\/et_pb_column][et_pb_column type=&#8221;1_2&#8243; _builder_version=&#8221;4.16&#8243; _module_preset=&#8221;default&#8221; global_colors_info=&#8221;{}&#8221;][et_pb_code _builder_version=&#8221;4.17.2&#8243; _module_preset=&#8221;default&#8221; global_colors_info=&#8221;{}&#8221;]<div class='_form_7'><\/div><script type='text\/javascript' src='https:\/\/excelsupplements.activehosted.com\/f\/embed.php?static=0&id=7&69E392FDA3D3E&nostyles=0&preview=0'><\/script>[\/et_pb_code][\/et_pb_column][\/et_pb_row][\/et_pb_section]<\/p>\n","protected":false},"excerpt":{"rendered":"<p>DESCUBRE EXCEL CLUB \u00bfQuieres que te cuente un secreto? Hemos formado una gran familia, Excel Club, un programa de fidelizaci\u00f3n pensado para aportar el mayor bienestar a tu caballo de la mejor manera posible con nuestros ingredientes m\u00e1s naturales. Una experiencia llena de ventajas, descuentos exclusivos y contenido personalizado para que puedas disfrutar de tu [&hellip;]<\/p>\n","protected":false},"author":11,"featured_media":0,"parent":0,"menu_order":0,"comment_status":"closed","ping_status":"closed","template":"","meta":{"_et_pb_use_builder":"on","_et_pb_old_content":"","_et_gb_content_width":"","footnotes":""},"class_list":["post-18129","page","type-page","status-publish","hentry"],"_links":{"self":[{"href":"https:\/\/excelsupplements.eu\/es\/wp-json\/wp\/v2\/pages\/18129","targetHints":{"allow":["GET"]}}],"collection":[{"href":"https:\/\/excelsupplements.eu\/es\/wp-json\/wp\/v2\/pages"}],"about":[{"href":"https:\/\/excelsupplements.eu\/es\/wp-json\/wp\/v2\/types\/page"}],"author":[{"embeddable":true,"href":"https:\/\/excelsupplements.eu\/es\/wp-json\/wp\/v2\/users\/11"}],"replies":[{"embeddable":true,"href":"https:\/\/excelsupplements.eu\/es\/wp-json\/wp\/v2\/comments?post=18129"}],"version-history":[{"count":4,"href":"https:\/\/excelsupplements.eu\/es\/wp-json\/wp\/v2\/pages\/18129\/revisions"}],"predecessor-version":[{"id":18193,"href":"https:\/\/excelsupplements.eu\/es\/wp-json\/wp\/v2\/pages\/18129\/revisions\/18193"}],"wp:attachment":[{"href":"https:\/\/excelsupplements.eu\/es\/wp-json\/wp\/v2\/media?parent=18129"}],"curies":[{"name":"wp","href":"https:\/\/api.w.org\/{rel}","templated":true}]}}