{"id":7648,"date":"2019-12-21T23:51:23","date_gmt":"2019-12-21T23:51:23","guid":{"rendered":"https:\/\/excelsupplements.eu\/qui-sommes-nous-2\/"},"modified":"2019-12-22T02:15:44","modified_gmt":"2019-12-22T02:15:44","slug":"qui-sommes-nous-2","status":"publish","type":"page","link":"https:\/\/excelsupplements.eu\/es\/qui-sommes-nous-2\/","title":{"rendered":"Qui sommes nous?"},"content":{"rendered":"<p>[et_pb_section fb_built=&#8221;1&#8243; _builder_version=&#8221;4.0.2&#8243; background_image=&#8221;https:\/\/excelsupplements.eu\/wp-content\/uploads\/2018\/04\/EXCEL-E3-952&#215;1024.jpg&#8221; hover_enabled=&#8221;0&#8243; background_enable_color=&#8221;off&#8221;][et_pb_row _builder_version=&#8221;4.0.2&#8243; hover_enabled=&#8221;0&#8243; background_color=&#8221;rgba(0,0,0,0.49)&#8221; width=&#8221;83.1%&#8221;][et_pb_column _builder_version=&#8221;4.0.2&#8243; type=&#8221;4_4&#8243;][et_pb_text _builder_version=&#8221;4.0.2&#8243; header_2_font=&#8221;Raleway|600|||||||&#8221; header_2_text_align=&#8221;center&#8221; header_2_text_color=&#8221;#ffffff&#8221; header_2_font_size=&#8221;56px&#8221; hover_enabled=&#8221;0&#8243; header_font=&#8221;Raleway||||||||&#8221; header_text_color=&#8221;#ffffff&#8221;]<\/p>\n<h2>Notre compagnie<\/h2>\n<p>[\/et_pb_text][et_pb_text _builder_version=&#8221;4.0.2&#8243; text_font=&#8221;Montserrat|600|||||||&#8221; text_text_color=&#8221;#ffffff&#8221; custom_padding=&#8221;|30px||40px||&#8221;]Excel Supplements Europe est un producteur espagnol de suppl\u00e9ments nutritionnels uniques pour les chevaux. Nos produits, tr\u00e8s performants sur le march\u00e9 am\u00e9ricain depuis 2014, offrent une combinaison extraordinaire d&#8217;om\u00e9ga 3, 6, 9 et d&#8217;autres composants nutritionnels. Ils sont particuli\u00e8rement riches en acides gras essentiels om\u00e9ga 3, ainsi qu&#8217;en vitamine E, phytost\u00e9rols, polyph\u00e9nols et triterp\u00e8nes.<br \/>\n[\/et_pb_text][et_pb_text _builder_version=&#8221;4.0.2&#8243; text_font=&#8221;Montserrat|600|||||||&#8221; text_text_color=&#8221;#ffffff&#8221; hover_enabled=&#8221;0&#8243; custom_padding=&#8221;|29px||40px||&#8221;]Aujourd&#8217;hui, les produits Excel Supplements sont disponibles dans plus de 15 pays et sont utilis\u00e9s par nos cavaliers champions. Nos suppl\u00e9ments sont le r\u00e9sultat d&#8217;ann\u00e9es de recherche et d\u00e9veloppement intenses et de la s\u00e9lection d&#8217;ingr\u00e9dients naturels de la plus haute qualit\u00e9 pour fournir des fonctionnalit\u00e9s uniques. Nos produits sont produits \u00e0 partir de nos propres plantations durables et sont enti\u00e8rement tra\u00e7ables jusqu\u2019\u00e0 nos agriculteurs.<br \/>\n[\/et_pb_text][et_pb_text _builder_version=&#8221;4.0.2&#8243; header_2_font=&#8221;Raleway|600|||||||&#8221; header_2_text_align=&#8221;center&#8221; header_2_text_color=&#8221;#ffffff&#8221; header_2_font_size=&#8221;56px&#8221; hover_enabled=&#8221;0&#8243; header_font=&#8221;Raleway||||||||&#8221; header_text_color=&#8221;#ffffff&#8221;]<\/p>\n<h2>Qualit\u00e9<\/h2>\n<p>[\/et_pb_text][et_pb_text _builder_version=&#8221;4.0.2&#8243; text_font=&#8221;Montserrat|600|||||||&#8221; text_text_color=&#8221;#ffffff&#8221; hover_enabled=&#8221;0&#8243; custom_padding=&#8221;|29px||40px||&#8221;]La qualit\u00e9 est au c\u0153ur de tout ce que nous faisons. Tous nos produits sont soumis \u00e0 des contr\u00f4les de qualit\u00e9 internes stricts tout au long de notre proc\u00e8s de fabrication et \u00e0 des tests de produits rigoureux afin d&#8217;assurer les plus hauts standards de qualit\u00e9.<br \/>\n[\/et_pb_text][\/et_pb_column][\/et_pb_row][\/et_pb_section]<\/p>\n","protected":false},"excerpt":{"rendered":"<p>Notre compagnie Excel Supplements Europe est un producteur espagnol de suppl\u00e9ments nutritionnels uniques pour les chevaux. Nos produits, tr\u00e8s performants sur le march\u00e9 am\u00e9ricain depuis 2014, offrent une combinaison extraordinaire d&#8217;om\u00e9ga 3, 6, 9 et d&#8217;autres composants nutritionnels. Ils sont particuli\u00e8rement riches en acides gras essentiels om\u00e9ga 3, ainsi qu&#8217;en vitamine E, phytost\u00e9rols, polyph\u00e9nols et [&hellip;]<\/p>\n","protected":false},"author":11,"featured_media":0,"parent":0,"menu_order":0,"comment_status":"closed","ping_status":"closed","template":"","meta":{"_et_pb_use_builder":"on","_et_pb_old_content":"","_et_gb_content_width":"","footnotes":""},"class_list":["post-7648","page","type-page","status-publish","hentry"],"_links":{"self":[{"href":"https:\/\/excelsupplements.eu\/es\/wp-json\/wp\/v2\/pages\/7648","targetHints":{"allow":["GET"]}}],"collection":[{"href":"https:\/\/excelsupplements.eu\/es\/wp-json\/wp\/v2\/pages"}],"about":[{"href":"https:\/\/excelsupplements.eu\/es\/wp-json\/wp\/v2\/types\/page"}],"author":[{"embeddable":true,"href":"https:\/\/excelsupplements.eu\/es\/wp-json\/wp\/v2\/users\/11"}],"replies":[{"embeddable":true,"href":"https:\/\/excelsupplements.eu\/es\/wp-json\/wp\/v2\/comments?post=7648"}],"version-history":[{"count":0,"href":"https:\/\/excelsupplements.eu\/es\/wp-json\/wp\/v2\/pages\/7648\/revisions"}],"wp:attachment":[{"href":"https:\/\/excelsupplements.eu\/es\/wp-json\/wp\/v2\/media?parent=7648"}],"curies":[{"name":"wp","href":"https:\/\/api.w.org\/{rel}","templated":true}]}}