{"id":14258,"date":"2021-04-20T09:10:35","date_gmt":"2021-04-20T09:10:35","guid":{"rendered":"https:\/\/excelsupplements.eu\/?post_type=product&#038;p=14258"},"modified":"2025-10-02T17:22:39","modified_gmt":"2025-10-02T15:22:39","slug":"excel-eq-suscripcion","status":"publish","type":"product","link":"https:\/\/excelsupplements.eu\/es\/product\/excel-eq-subscription\/","title":{"rendered":"Excel EQ - Suscripci\u00f3n"},"content":{"rendered":"<p><b>Excel EQ <\/b>contiene la combinaci\u00f3n \u00f3ptima de nutrientes clave procedentes de aceites vegetales prensados en fr\u00edo, lo que garantiza una\u00a0<b>omega 3, 6 y 9\u00a0<\/b>equilibrio de \u00e1cidos grasos, as\u00ed como\u00a0<b>vitamina<\/b>\u00a0<b>E\u00a0<\/b>y\u00a0<b>polifenoles de camelina<\/b>un potente <strong>antioxidante<\/strong>.<\/p>\n<p>&nbsp;<\/p>","protected":false},"excerpt":{"rendered":"<p><b>PARA LA SALUD EN GENERAL<\/b><\/p>\n<hr \/>\n<p><b>Excel EQ <\/b>est\u00e1 dise\u00f1ado para favorecer la salud general del caballo. Los \u00e1cidos grasos omega-3 y omega-6 suministrados en grandes cantidades tienen varias funciones beneficiosas en el organismo.<\/p>\n<p><u>Instrucciones de alimentaci\u00f3n<\/u><\/p>\n<ul>\n<li>Todos los caballos: 60 ml al d\u00eda<\/li>\n<li>Ponis y potros: 30 ml al d\u00eda<\/li>\n<\/ul>\n<p><b>Excel EQ<\/b> est\u00e1 formulado sin sustancias dopantes, s\u00f3lo con ingredientes naturales controlados.<\/p>","protected":false},"featured_media":8500,"comment_status":"open","ping_status":"closed","template":"","meta":{"_et_pb_use_builder":"","_et_pb_old_content":"","_et_gb_content_width":""},"product_brand":[],"product_cat":[238],"product_tag":[],"class_list":{"0":"post-14258","1":"product","2":"type-product","3":"status-publish","4":"has-post-thumbnail","6":"product_cat-subscription-supplement","8":"first","9":"instock","10":"sale","11":"taxable","12":"shipping-taxable","13":"purchasable","14":"product-type-variable-subscription"},"_links":{"self":[{"href":"https:\/\/excelsupplements.eu\/es\/wp-json\/wp\/v2\/product\/14258","targetHints":{"allow":["GET"]}}],"collection":[{"href":"https:\/\/excelsupplements.eu\/es\/wp-json\/wp\/v2\/product"}],"about":[{"href":"https:\/\/excelsupplements.eu\/es\/wp-json\/wp\/v2\/types\/product"}],"replies":[{"embeddable":true,"href":"https:\/\/excelsupplements.eu\/es\/wp-json\/wp\/v2\/comments?post=14258"}],"wp:featuredmedia":[{"embeddable":true,"href":"https:\/\/excelsupplements.eu\/es\/wp-json\/wp\/v2\/media\/8500"}],"wp:attachment":[{"href":"https:\/\/excelsupplements.eu\/es\/wp-json\/wp\/v2\/media?parent=14258"}],"wp:term":[{"taxonomy":"product_brand","embeddable":true,"href":"https:\/\/excelsupplements.eu\/es\/wp-json\/wp\/v2\/product_brand?post=14258"},{"taxonomy":"product_cat","embeddable":true,"href":"https:\/\/excelsupplements.eu\/es\/wp-json\/wp\/v2\/product_cat?post=14258"},{"taxonomy":"product_tag","embeddable":true,"href":"https:\/\/excelsupplements.eu\/es\/wp-json\/wp\/v2\/product_tag?post=14258"}],"curies":[{"name":"wp","href":"https:\/\/api.w.org\/{rel}","templated":true}]}}