{"id":5288,"date":"2019-02-21T22:19:12","date_gmt":"2019-02-21T22:19:12","guid":{"rendered":"https:\/\/excelsupplements.eu\/?post_type=product&#038;p=5288"},"modified":"2025-11-01T07:18:23","modified_gmt":"2025-11-01T06:18:23","slug":"excel-cuidado-de-los-cascos","status":"publish","type":"product","link":"https:\/\/excelsupplements.eu\/es\/product\/excel-hoof-care\/","title":{"rendered":"EXCEL Hoof Support"},"content":{"rendered":"<p><strong>PARA LOS CASCOS<\/strong><\/p>\n<hr \/>\n<p><b>Soporte para cascos Excel <\/b>est\u00e1 dise\u00f1ado para apoyar y mantener la elasticidad de los cascos de los caballos, ayudando a prevenir el agrietamiento y la sequedad de los cascos. <b>Soporte para cascos Excel<\/b> crea tambi\u00e9n un brillo perfecto en la pared.<\/p>\n<p><u>Instrucciones:<\/u><\/p>\n<p>Aplicar 3 \u00f3 4 d\u00edas a la semana sobre la pared del casco y la banda coronaria del caballo utilizando el cepillo.<\/p>\n<p>Se recomienda aplicar despu\u00e9s del ejercicio.<\/p>\n<p>Limpiar bien la superficie de la pezu\u00f1a antes de la aplicaci\u00f3n.<\/p>\n<p><b>Soporte para cascos Excel <\/b>es un producto t\u00f3pico para el cuidado de los cascos.<\/p>","protected":false},"excerpt":{"rendered":"<p><b>Casco Excel<\/b>\u00a0<b>Ayuda<\/b>\u00a0contiene la combinaci\u00f3n \u00f3ptima de aceite de camelina para hidratar el casco, as\u00ed como cera de abejas para protegerlo, actuando como barrera antibacteriana.  De este modo, es la soluci\u00f3n ideal para los cascos tanto en verano como en invierno.<\/p>","protected":false},"featured_media":8797,"comment_status":"open","ping_status":"closed","template":"","meta":{"_et_pb_use_builder":"","_et_pb_old_content":"","_et_gb_content_width":""},"product_brand":[],"product_cat":[131],"product_tag":[],"class_list":{"0":"post-5288","1":"product","2":"type-product","3":"status-publish","4":"has-post-thumbnail","6":"product_cat-support","8":"first","9":"instock","10":"taxable","11":"shipping-taxable","12":"purchasable","13":"product-type-simple"},"_links":{"self":[{"href":"https:\/\/excelsupplements.eu\/es\/wp-json\/wp\/v2\/product\/5288","targetHints":{"allow":["GET"]}}],"collection":[{"href":"https:\/\/excelsupplements.eu\/es\/wp-json\/wp\/v2\/product"}],"about":[{"href":"https:\/\/excelsupplements.eu\/es\/wp-json\/wp\/v2\/types\/product"}],"replies":[{"embeddable":true,"href":"https:\/\/excelsupplements.eu\/es\/wp-json\/wp\/v2\/comments?post=5288"}],"wp:featuredmedia":[{"embeddable":true,"href":"https:\/\/excelsupplements.eu\/es\/wp-json\/wp\/v2\/media\/8797"}],"wp:attachment":[{"href":"https:\/\/excelsupplements.eu\/es\/wp-json\/wp\/v2\/media?parent=5288"}],"wp:term":[{"taxonomy":"product_brand","embeddable":true,"href":"https:\/\/excelsupplements.eu\/es\/wp-json\/wp\/v2\/product_brand?post=5288"},{"taxonomy":"product_cat","embeddable":true,"href":"https:\/\/excelsupplements.eu\/es\/wp-json\/wp\/v2\/product_cat?post=5288"},{"taxonomy":"product_tag","embeddable":true,"href":"https:\/\/excelsupplements.eu\/es\/wp-json\/wp\/v2\/product_tag?post=5288"}],"curies":[{"name":"wp","href":"https:\/\/api.w.org\/{rel}","templated":true}]}}