{"id":5357,"date":"2019-02-23T23:17:46","date_gmt":"2019-02-23T23:17:46","guid":{"rendered":"https:\/\/excelsupplements.eu\/?post_type=product&#038;p=5357"},"modified":"2025-10-30T20:27:17","modified_gmt":"2025-10-30T19:27:17","slug":"excel-oliflex","status":"publish","type":"product","link":"https:\/\/excelsupplements.eu\/es\/product\/excel-oliflex\/","title":{"rendered":"EXCEL OliFlex"},"content":{"rendered":"<p><b>Excel <\/b><b>OliFlex<\/b> contiene un \u00fanico <b>f\u00f3rmula antiinflamatoria <\/b>con extractos de uva (proantocianidinas) y oliva (triterpenos) combinados con <b>\u00e1cido hialur\u00f3nico<\/b>desarrollado espec\u00edficamente para mejorar la salud de las articulaciones y los cart\u00edlagos.<\/p>","protected":false},"excerpt":{"rendered":"<p><strong>PARA LA SALUD ARTICULAR<\/strong><\/p>\n<hr \/>\n<p><b>Excel <\/b><b>OliFlex<\/b> est\u00e1 dise\u00f1ado para apoyar las articulaciones del caballo, que pueden sufrir mucha presi\u00f3n durante el ejercicio.<\/p>\n<p><u>Instrucciones de alimentaci\u00f3n<\/u><\/p>\n<ul>\n<li>Tasa de carga: 60 g al d\u00eda (2 cacitos)<\/li>\n<li>Mantenimiento: 30 g al d\u00eda (1 cacito)<\/li>\n<\/ul>\n<p>&nbsp;<\/p>\n<p><b>OliFlex<\/b> est\u00e1 formulado sin sustancias dopantes, s\u00f3lo con ingredientes naturales controlados.<\/p>","protected":false},"featured_media":8544,"comment_status":"open","ping_status":"closed","template":"","meta":{"_et_pb_use_builder":"","_et_pb_old_content":"","_et_gb_content_width":""},"product_brand":[],"product_cat":[75],"product_tag":[],"class_list":{"0":"post-5357","1":"product","2":"type-product","3":"status-publish","4":"has-post-thumbnail","6":"product_cat-supplement","8":"first","9":"instock","10":"taxable","11":"shipping-taxable","12":"purchasable","13":"product-type-variable","14":"has-default-attributes"},"_links":{"self":[{"href":"https:\/\/excelsupplements.eu\/es\/wp-json\/wp\/v2\/product\/5357","targetHints":{"allow":["GET"]}}],"collection":[{"href":"https:\/\/excelsupplements.eu\/es\/wp-json\/wp\/v2\/product"}],"about":[{"href":"https:\/\/excelsupplements.eu\/es\/wp-json\/wp\/v2\/types\/product"}],"replies":[{"embeddable":true,"href":"https:\/\/excelsupplements.eu\/es\/wp-json\/wp\/v2\/comments?post=5357"}],"wp:featuredmedia":[{"embeddable":true,"href":"https:\/\/excelsupplements.eu\/es\/wp-json\/wp\/v2\/media\/8544"}],"wp:attachment":[{"href":"https:\/\/excelsupplements.eu\/es\/wp-json\/wp\/v2\/media?parent=5357"}],"wp:term":[{"taxonomy":"product_brand","embeddable":true,"href":"https:\/\/excelsupplements.eu\/es\/wp-json\/wp\/v2\/product_brand?post=5357"},{"taxonomy":"product_cat","embeddable":true,"href":"https:\/\/excelsupplements.eu\/es\/wp-json\/wp\/v2\/product_cat?post=5357"},{"taxonomy":"product_tag","embeddable":true,"href":"https:\/\/excelsupplements.eu\/es\/wp-json\/wp\/v2\/product_tag?post=5357"}],"curies":[{"name":"wp","href":"https:\/\/api.w.org\/{rel}","templated":true}]}}