{"id":14501,"date":"2021-04-28T15:08:37","date_gmt":"2021-04-28T15:08:37","guid":{"rendered":"https:\/\/excelsupplements.eu\/?post_type=product&#038;p=14501"},"modified":"2025-10-02T17:18:34","modified_gmt":"2025-10-02T15:18:34","slug":"excel-vitaflav-subscription","status":"publish","type":"product","link":"https:\/\/excelsupplements.eu\/fr\/product\/excel-vitaflav-subscription\/","title":{"rendered":"EXCEL VitaFlav &#8211; Subscription"},"content":{"rendered":"<p><b>Excel <\/b><b>VitaFlav<\/b> contient une formule unique de bioflavono\u00efdes d'agrumes (dont l'hesp\u00e9ridine) combin\u00e9s \u00e0 de la vitamine C, qui aide \u00e0 maintenir le syst\u00e8me respiratoire en bonne sant\u00e9.<\/p>","protected":false},"excerpt":{"rendered":"<p><strong>POUR LE SYST\u00c8ME RESPIRATOIRE<\/strong><\/p>\n<hr \/>\n<p><b>Excel <\/b><b>VitaFlav<\/b> est con\u00e7u pour favoriser la sant\u00e9 des poumons et du syst\u00e8me circulatoire du cheval, qui peuvent \u00eatre mis \u00e0 rude \u00e9preuve pendant l'exercice.<\/p>\n<p><u>Instructions pour l'alimentation<\/u><\/p>\n<ul>\n<li>Taux de charge : 60 g par jour (2 mesures)<\/li>\n<li>Entretien : 30 g par jour (1 mesure)<\/li>\n<\/ul>\n<p><b>Excel <\/b><b>VitaFlav<\/b> est formul\u00e9 sans aucune substance dopante, uniquement avec des ingr\u00e9dients naturels contr\u00f4l\u00e9s.<\/p>","protected":false},"featured_media":8528,"comment_status":"open","ping_status":"closed","template":"","meta":{"_et_pb_use_builder":"","_et_pb_old_content":"","_et_gb_content_width":""},"product_brand":[],"product_cat":[238],"product_tag":[],"class_list":{"0":"post-14501","1":"product","2":"type-product","3":"status-publish","4":"has-post-thumbnail","6":"product_cat-subscription-supplement","8":"first","9":"instock","10":"sale","11":"taxable","12":"shipping-taxable","13":"purchasable","14":"product-type-variable-subscription","15":"has-default-attributes"},"_links":{"self":[{"href":"https:\/\/excelsupplements.eu\/fr\/wp-json\/wp\/v2\/product\/14501","targetHints":{"allow":["GET"]}}],"collection":[{"href":"https:\/\/excelsupplements.eu\/fr\/wp-json\/wp\/v2\/product"}],"about":[{"href":"https:\/\/excelsupplements.eu\/fr\/wp-json\/wp\/v2\/types\/product"}],"replies":[{"embeddable":true,"href":"https:\/\/excelsupplements.eu\/fr\/wp-json\/wp\/v2\/comments?post=14501"}],"wp:featuredmedia":[{"embeddable":true,"href":"https:\/\/excelsupplements.eu\/fr\/wp-json\/wp\/v2\/media\/8528"}],"wp:attachment":[{"href":"https:\/\/excelsupplements.eu\/fr\/wp-json\/wp\/v2\/media?parent=14501"}],"wp:term":[{"taxonomy":"product_brand","embeddable":true,"href":"https:\/\/excelsupplements.eu\/fr\/wp-json\/wp\/v2\/product_brand?post=14501"},{"taxonomy":"product_cat","embeddable":true,"href":"https:\/\/excelsupplements.eu\/fr\/wp-json\/wp\/v2\/product_cat?post=14501"},{"taxonomy":"product_tag","embeddable":true,"href":"https:\/\/excelsupplements.eu\/fr\/wp-json\/wp\/v2\/product_tag?post=14501"}],"curies":[{"name":"wp","href":"https:\/\/api.w.org\/{rel}","templated":true}]}}