{"id":5282,"date":"2019-02-21T22:08:46","date_gmt":"2019-02-21T22:08:46","guid":{"rendered":"https:\/\/excelsupplements.eu\/?post_type=product&#038;p=5282"},"modified":"2025-11-02T18:58:43","modified_gmt":"2025-11-02T17:58:43","slug":"performance-dexcel","status":"publish","type":"product","link":"https:\/\/excelsupplements.eu\/fr\/product\/excel-performance\/","title":{"rendered":"Excel ProElite"},"content":{"rendered":"<p><b>Excel <\/b><b>ProElite<\/b> contient une combinaison optimale de nutriments cl\u00e9s provenant d'huiles v\u00e9g\u00e9tales press\u00e9es \u00e0 froid, garantissant un \u00e9quilibre unique entre les acides gras om\u00e9ga 3, 6 et 9 et la vitamine E.<\/p>","protected":false},"excerpt":{"rendered":"<p><b>POUR LA PERFORMANCE<\/b><\/p>\n<hr \/>\n<p><b>Excel <\/b><b>ProElite<\/b> est con\u00e7u pour favoriser les performances des chevaux. Les om\u00e9ga-3 et les triterp\u00e8nes d'olive fournis en grande quantit\u00e9 aident \u00e0 augmenter la performance du cheval.<\/p>\n<p><u>Instructions pour l'alimentation<\/u><\/p>\n<ul>\n<li>Tous les chevaux : 60 ml par jour<\/li>\n<li>Poneys et poulains : 30ml par jour<\/li>\n<\/ul>\n<p>&nbsp;<\/p>\n<p><b>Excel <\/b><b>ProElite<\/b> est formul\u00e9 sans aucune substance dopante, uniquement avec des ingr\u00e9dients naturels contr\u00f4l\u00e9s.<\/p>","protected":false},"featured_media":8504,"comment_status":"open","ping_status":"closed","template":"","meta":{"_et_pb_use_builder":"","_et_pb_old_content":"","_et_gb_content_width":""},"product_brand":[],"product_cat":[75],"product_tag":[],"class_list":{"0":"post-5282","1":"product","2":"type-product","3":"status-publish","4":"has-post-thumbnail","6":"product_cat-supplement","8":"first","9":"instock","10":"taxable","11":"shipping-taxable","12":"purchasable","13":"product-type-variable"},"_links":{"self":[{"href":"https:\/\/excelsupplements.eu\/fr\/wp-json\/wp\/v2\/product\/5282","targetHints":{"allow":["GET"]}}],"collection":[{"href":"https:\/\/excelsupplements.eu\/fr\/wp-json\/wp\/v2\/product"}],"about":[{"href":"https:\/\/excelsupplements.eu\/fr\/wp-json\/wp\/v2\/types\/product"}],"replies":[{"embeddable":true,"href":"https:\/\/excelsupplements.eu\/fr\/wp-json\/wp\/v2\/comments?post=5282"}],"wp:featuredmedia":[{"embeddable":true,"href":"https:\/\/excelsupplements.eu\/fr\/wp-json\/wp\/v2\/media\/8504"}],"wp:attachment":[{"href":"https:\/\/excelsupplements.eu\/fr\/wp-json\/wp\/v2\/media?parent=5282"}],"wp:term":[{"taxonomy":"product_brand","embeddable":true,"href":"https:\/\/excelsupplements.eu\/fr\/wp-json\/wp\/v2\/product_brand?post=5282"},{"taxonomy":"product_cat","embeddable":true,"href":"https:\/\/excelsupplements.eu\/fr\/wp-json\/wp\/v2\/product_cat?post=5282"},{"taxonomy":"product_tag","embeddable":true,"href":"https:\/\/excelsupplements.eu\/fr\/wp-json\/wp\/v2\/product_tag?post=5282"}],"curies":[{"name":"wp","href":"https:\/\/api.w.org\/{rel}","templated":true}]}}